{"id":37031,"date":"2020-01-03T11:58:01","date_gmt":"2020-01-03T10:58:01","guid":{"rendered":"https:\/\/blog.coaster.de\/wp\/?page_id=37031"},"modified":"2020-01-03T11:58:01","modified_gmt":"2020-01-03T10:58:01","slug":"blog-buch","status":"publish","type":"page","link":"https:\/\/www.gruen-wald.de\/wordpress\/blog-buch\/","title":{"rendered":"Blog-Buch"},"content":{"rendered":"<p>Alles begann am 26. April 2006. Ich war erst 25 und ein Student mit zu viel Zeit. Es gab kein Instagram, kein SnapChat und kein WhatsApp. Das erste iPhone war noch ein Jahr entfernt. Von Twitter und Facebook war noch nicht wirklich etwas zu sehen und das &#8222;Web 2.0&#8220; war f\u00fcr die meisten ein Fremdwort.<\/p>\n<p>In 2006 gab es keine Statusmeldungen oder Timelines, keine Smartphone-Apps, kein Android-Betriebssystem und erst recht kein LTE. Wer sich im Internet schnell und einfach selbst ver\u00f6ffentlichten wollte nutzte noch andere Werkzeuge: Blogs und einen klassischen PC.<\/p>\n<p>Die Wissenschaft zu dem Themengebiet steckte ebenso noch in den Kinderschuhen, aber eines war bereits sehr offensichtlich: Wer in dieser sich rasanten wandelnden Welt des Webs Aufmerksamkeit erreichen wollte ohne im Sturm der Nachrichten unterzugehen, musste schon damals vor allem eines tun: Regelm\u00e4\u00dfig und immer wieder Content produzieren.<\/p>\n<p>Publiziertes hatte auch damals schon eine geringe Halbwertzeit. Die Marschrichtung war klar: Zuk\u00fcnftig w\u00fcrde Quantit\u00e4t vor Qualit\u00e4t z\u00e4hlen. Texte mussten ver\u00f6ffentlicht werden &#8211; und das so schnell wie m\u00f6glich. Da bleibt keine Zeit f\u00fcr ein Lektorat oder gar eine Fakt-Checking-Recherche.<\/p>\n<p>Vielleicht aus Neugierde, vielleicht auch aus purem Trotz habe ich am 26. April beschlossen, mal testweise im Kanon der Marktschreier mitzumischen. Ich nahm mir vor, jeden Tag einen Blogpost zu schreiben. Leser meines Blogs sollten einen Grund haben, ihn jeden Tag zu besuchen &#8211; eben weil es dort jeden Tag etwas Neues zu lesen gab. Erneut: Eine Facebook-Timeline war dem geneigten Internet-User zu dem Zeitpunkt faktisch ja unbekannt.<\/p>\n<p>Das ganze sollte maximal 10 Jahre dauern. Dieses Jubil\u00e4um habe ich dann aus purer Gewohnheit irgendwie glatt verschlafen. Und so wurden aus 10 Jahre statt dessen 5000 Tage.<\/p>\n<p>5000 Tage mit einem Post. Jeden Tag. Zugegeben: Manchmal wurden Posts auch vorgeschrieben, manchmal musste ich sie frech zur\u00fcckdatieren, und manchmal wollte das System nicht so, wie ich wollte &#8211; aber am Ende hatte jeder Tag mindestens einen Post.<\/p>\n<p>Hat es was gebracht?\u00a0Nat\u00fcrlich nicht wirklich.<\/p>\n<p>Zumindest der Gesellschaft d\u00fcrfte es kaum etwas gebracht haben. Das Ganze war eher eine \u00dcbung f\u00fcr mich. Ich habe dabei Disziplin gelernt. Und Schreiben. Und Planung, denn nicht jeder Tag verl\u00e4uft planm\u00e4\u00dfig. Schon mal versucht aus der Steppe ohne Mobilfunk einen Blogpost zu schreiben? Eben. Und, nunja, 5000 Eintr\u00e4ge &#8211; vom April 2006 bis Januar 2020.<\/p>\n<p>Blieb die Frage: Was mache ich damit?<\/p>\n<p>Gut sind zugegeben die wenigsten davon. Wie gesagt: Quantit\u00e4t statt Qualit\u00e4t. Also kam irgendwann die Idee auf, das ganze Vorhaben, das immerhin ein Gro\u00dfteil meines Lebens eingenommen hat, zumindest in ein Buch zu fassen. Dieses liegt hiermit vor. Ich bin ganz ehrlich: Das ist mehr ein Geschenk an mich. Es wird niemanden einen besonderen Mehrwert leisten. Es ist mein Fotoalbum. Erinnerungen, die man ins Regal stellen kann und damit vielleicht einen h\u00f6heren Bestandsschutz haben, als die digitale Welt das bieten kann.<\/p>\n<p><img loading=\"lazy\" decoding=\"async\" class=\"wp-image-37013 aligncenter\" src=\"https:\/\/blog.coaster.de\/wp\/wp-content\/uploads\/2020\/12\/5000_book.png\" alt=\"\" width=\"617\" height=\"473\" \/><\/p>\n<p>F\u00fcr diejenigen, die es interessiert, wird es hier in K\u00fcrze eine Download- und\/oder Bestellm\u00f6glichkeit geben. Bis dahin bitte noch etwas Geduld. \ud83d\ude42<\/p>\n","protected":false},"excerpt":{"rendered":"<p>Alles begann am 26. April 2006. Ich war erst 25 und ein Student mit zu viel Zeit. Es gab kein&hellip;<\/p>\n","protected":false},"author":1,"featured_media":0,"parent":0,"menu_order":0,"comment_status":"closed","ping_status":"closed","template":"","meta":{"footnotes":"","_links_to":"","_links_to_target":""},"class_list":["post-37031","page","type-page","status-publish","hentry"],"_links":{"self":[{"href":"https:\/\/www.gruen-wald.de\/wordpress\/wp-json\/wp\/v2\/pages\/37031"}],"collection":[{"href":"https:\/\/www.gruen-wald.de\/wordpress\/wp-json\/wp\/v2\/pages"}],"about":[{"href":"https:\/\/www.gruen-wald.de\/wordpress\/wp-json\/wp\/v2\/types\/page"}],"author":[{"embeddable":true,"href":"https:\/\/www.gruen-wald.de\/wordpress\/wp-json\/wp\/v2\/users\/1"}],"replies":[{"embeddable":true,"href":"https:\/\/www.gruen-wald.de\/wordpress\/wp-json\/wp\/v2\/comments?post=37031"}],"version-history":[{"count":0,"href":"https:\/\/www.gruen-wald.de\/wordpress\/wp-json\/wp\/v2\/pages\/37031\/revisions"}],"wp:attachment":[{"href":"https:\/\/www.gruen-wald.de\/wordpress\/wp-json\/wp\/v2\/media?parent=37031"}],"curies":[{"name":"wp","href":"https:\/\/api.w.org\/{rel}","templated":true}]}}